{"id":4344,"date":"2020-08-26T06:46:41","date_gmt":"2020-08-26T06:46:41","guid":{"rendered":"https:\/\/thetrial.qodeinteractive.com\/?page_id=9"},"modified":"2022-04-13T14:49:47","modified_gmt":"2022-04-13T14:49:47","slug":"specialiste-fsa-du-droit-du-travail","status":"publish","type":"page","link":"https:\/\/www.markarian-avocat.ch\/en\/","title":{"rendered":"Main Home"},"content":{"rendered":"<div data-elementor-type=\"wp-page\" data-elementor-id=\"4344\" class=\"elementor elementor-4344\">\n\t\t\t\t\t\t\t\t\t<section class=\"elementor-section elementor-top-section elementor-element elementor-element-028fcb4 elementor-section-full_width elementor-section-height-full elementor-section-items-top elementor-section-height-default qodef-elementor-content-no\" data-id=\"028fcb4\" data-element_type=\"section\" data-settings=\"{&quot;background_background&quot;:&quot;classic&quot;}\">\n\t\t\t\t\t\t<div class=\"elementor-container elementor-column-gap-default\">\n\t\t\t\t\t<div class=\"elementor-column elementor-col-100 elementor-top-column elementor-element elementor-element-0e89e50\" data-id=\"0e89e50\" data-element_type=\"column\">\n\t\t\t<div class=\"elementor-widget-wrap elementor-element-populated\">\n\t\t\t\t\t\t\t\t\t<\/div>\n\t\t<\/div>\n\t\t\t\t\t\t\t<\/div>\n\t\t<\/section>\n\t\t\t\t<section class=\"elementor-section elementor-top-section elementor-element elementor-element-5926bce elementor-section-boxed elementor-section-height-default elementor-section-height-default qodef-elementor-content-no\" data-id=\"5926bce\" data-element_type=\"section\">\n\t\t\t\t\t\t<div class=\"elementor-container elementor-column-gap-default\">\n\t\t\t\t\t<div class=\"elementor-column elementor-col-100 elementor-top-column elementor-element elementor-element-d4c3458\" data-id=\"d4c3458\" data-element_type=\"column\">\n\t\t\t<div class=\"elementor-widget-wrap elementor-element-populated\">\n\t\t\t\t\t\t\t\t<section class=\"elementor-section elementor-inner-section elementor-element elementor-element-ed353b6 elementor-section-boxed elementor-section-height-default elementor-section-height-default qodef-elementor-content-no\" data-id=\"ed353b6\" data-element_type=\"section\">\n\t\t\t\t\t\t<div class=\"elementor-container elementor-column-gap-default\">\n\t\t\t\t\t<div class=\"elementor-column elementor-col-100 elementor-inner-column elementor-element elementor-element-5c537f8\" data-id=\"5c537f8\" data-element_type=\"column\">\n\t\t\t<div class=\"elementor-widget-wrap elementor-element-populated\">\n\t\t\t\t\t\t\t\t<div class=\"elementor-element elementor-element-a2cf422 elementor-widget elementor-widget-text-editor\" data-id=\"a2cf422\" data-element_type=\"widget\" data-widget_type=\"text-editor.default\">\n\t\t\t\t<div class=\"elementor-widget-container\">\n\t\t\t<style>\/*! elementor - v3.18.0 - 20-12-2023 *\/\n.elementor-widget-text-editor.elementor-drop-cap-view-stacked .elementor-drop-cap{background-color:#69727d;color:#fff}.elementor-widget-text-editor.elementor-drop-cap-view-framed .elementor-drop-cap{color:#69727d;border:3px solid;background-color:transparent}.elementor-widget-text-editor:not(.elementor-drop-cap-view-default) .elementor-drop-cap{margin-top:8px}.elementor-widget-text-editor:not(.elementor-drop-cap-view-default) .elementor-drop-cap-letter{width:1em;height:1em}.elementor-widget-text-editor .elementor-drop-cap{float:left;text-align:center;line-height:1;font-size:50px}.elementor-widget-text-editor .elementor-drop-cap-letter{display:inline-block}<\/style>\t\t\t\t<p>Located in the heart of Geneva, our lawfirm is dedicated to labour law\u2019s practice in all its forms. We assist and represent both employers and employees in private labour law as well as in Swiss and international civil service matters. Established in 2012 by Fran\u00e7oise Markarian, SBA specialist labour law, our lawfirm answers the queries of clients regarding any stages of the legal relationship as legal advice, negotiation, court representation.<\/p>\t\t\t\t\t\t<\/div>\n\t\t\t\t<\/div>\n\t\t\t\t\t<\/div>\n\t\t<\/div>\n\t\t\t\t\t\t\t<\/div>\n\t\t<\/section>\n\t\t\t\t<section class=\"elementor-section elementor-inner-section elementor-element elementor-element-56adb3d elementor-section-boxed elementor-section-height-default elementor-section-height-default qodef-elementor-content-no\" data-id=\"56adb3d\" data-element_type=\"section\">\n\t\t\t\t\t\t<div class=\"elementor-container elementor-column-gap-default\">\n\t\t\t\t\t<div class=\"elementor-column elementor-col-50 elementor-inner-column elementor-element elementor-element-2b1bac8\" data-id=\"2b1bac8\" data-element_type=\"column\">\n\t\t\t<div class=\"elementor-widget-wrap elementor-element-populated\">\n\t\t\t\t\t\t\t\t<div class=\"elementor-element elementor-element-f55a826 elementor-widget elementor-widget-image\" data-id=\"f55a826\" data-element_type=\"widget\" data-widget_type=\"image.default\">\n\t\t\t\t<div class=\"elementor-widget-container\">\n\t\t\t<style>\/*! elementor - v3.18.0 - 20-12-2023 *\/\n.elementor-widget-image{text-align:center}.elementor-widget-image a{display:inline-block}.elementor-widget-image a img[src$=\".svg\"]{width:48px}.elementor-widget-image img{vertical-align:middle;display:inline-block}<\/style>\t\t\t\t\t\t\t\t\t\t\t\t<img decoding=\"async\" width=\"241\" height=\"42\" src=\"https:\/\/www.markarian-avocat.ch\/wp-content\/uploads\/2022\/04\/sav-fsa-1.jpeg\" class=\"attachment-large size-large wp-image-4579\" alt=\"\" \/>\t\t\t\t\t\t\t\t\t\t\t\t\t\t\t<\/div>\n\t\t\t\t<\/div>\n\t\t\t\t\t<\/div>\n\t\t<\/div>\n\t\t\t\t<div class=\"elementor-column elementor-col-50 elementor-inner-column elementor-element elementor-element-bbc7f6c\" data-id=\"bbc7f6c\" data-element_type=\"column\">\n\t\t\t<div class=\"elementor-widget-wrap elementor-element-populated\">\n\t\t\t\t\t\t\t\t<div class=\"elementor-element elementor-element-616b5c2 elementor-widget elementor-widget-image\" data-id=\"616b5c2\" data-element_type=\"widget\" data-widget_type=\"image.default\">\n\t\t\t\t<div class=\"elementor-widget-container\">\n\t\t\t\t\t\t\t\t\t\t\t\t\t\t\t<img decoding=\"async\" width=\"165\" height=\"51\" src=\"https:\/\/www.markarian-avocat.ch\/wp-content\/uploads\/2022\/04\/logo-odage.png\" class=\"attachment-large size-large wp-image-4578\" alt=\"\" \/>\t\t\t\t\t\t\t\t\t\t\t\t\t\t\t<\/div>\n\t\t\t\t<\/div>\n\t\t\t\t\t<\/div>\n\t\t<\/div>\n\t\t\t\t\t\t\t<\/div>\n\t\t<\/section>\n\t\t\t\t\t<\/div>\n\t\t<\/div>\n\t\t\t\t\t\t\t<\/div>\n\t\t<\/section>\n\t\t\t\t<section class=\"elementor-section elementor-top-section elementor-element elementor-element-ba63d6d elementor-section-boxed elementor-section-height-default elementor-section-height-default qodef-elementor-content-no\" data-id=\"ba63d6d\" data-element_type=\"section\">\n\t\t\t\t\t\t<div class=\"elementor-container elementor-column-gap-default\">\n\t\t\t\t\t<div class=\"elementor-column elementor-col-100 elementor-top-column elementor-element elementor-element-dc951a8\" data-id=\"dc951a8\" data-element_type=\"column\">\n\t\t\t<div class=\"elementor-widget-wrap elementor-element-populated\">\n\t\t\t\t\t\t\t\t<div class=\"elementor-element elementor-element-9117019 elementor-widget elementor-widget-thetrial_core_google_map\" data-id=\"9117019\" data-element_type=\"widget\" data-widget_type=\"thetrial_core_google_map.default\">\n\t\t\t\t<div class=\"elementor-widget-container\">\n\t\t\t<div class=\"qodef-shortcode qodef-m  qodef-google-map\">\n\t<div class=\"qodef-m-map\" id=\"qodef-map-id--725\" data-addresses='[\"13 rue Robert-C\u00e9ard, 1204 Gen\u00e8ve\"]' data-pin=\"https:\/\/www.markarian-avocat.ch\/wp-content\/plugins\/thetrial-core\/inc\/maps\/assets\/img\/pin.png\" data-unique-id=\"725\" data-height=\"300\"><\/div>\n<\/div>\t\t<\/div>\n\t\t\t\t<\/div>\n\t\t\t\t\t<\/div>\n\t\t<\/div>\n\t\t\t\t\t\t\t<\/div>\n\t\t<\/section>\n\t\t\t\t\t\t\t<\/div>","protected":false},"excerpt":{"rendered":"<p>Situ\u00e9e au c\u0153ur de Gen\u00e8ve, notre Etude est consacr\u00e9e \u00e0 la pratique du droit du travail sous toutes ses formes. Nous assistons et repr\u00e9sentons les employeurs et les salari\u00e9s tant en droit priv\u00e9 du travail qu\u2019en mati\u00e8re de fonction publique suisse ou internationale. Fond\u00e9e en 2012 par Me Fran\u00e7oise Markarian, avocate sp\u00e9cialiste FSA en droit [&hellip;]<\/p>","protected":false},"author":1,"featured_media":0,"parent":0,"menu_order":0,"comment_status":"closed","ping_status":"closed","template":"page-full-width.php","meta":{"footnotes":""},"class_list":["post-4344","page","type-page","status-publish","hentry"],"yoast_head":"<!-- This site is optimized with the Yoast SEO plugin v22.6 - https:\/\/yoast.com\/wordpress\/plugins\/seo\/ -->\n<title>Markarian Avocat | Sp\u00e9cialiste FSA droit du travail<\/title>\n<meta name=\"description\" content=\"Situ\u00e9e au c\u0153ur de Gen\u00e8ve, notre Etude est essentiellement d\u00e9di\u00e9e \u00e0 la pratique du droit du travail.\" \/>\n<meta name=\"robots\" content=\"index, follow, max-snippet:-1, max-image-preview:large, max-video-preview:-1\" \/>\n<link rel=\"canonical\" href=\"https:\/\/www.markarian-avocat.ch\/en\/\" \/>\n<meta property=\"og:locale\" content=\"en_GB\" \/>\n<meta property=\"og:type\" content=\"article\" \/>\n<meta property=\"og:title\" content=\"Markarian Avocat | Sp\u00e9cialiste FSA droit du travail\" \/>\n<meta property=\"og:description\" content=\"Situ\u00e9e au c\u0153ur de Gen\u00e8ve, notre Etude est essentiellement d\u00e9di\u00e9e \u00e0 la pratique du droit du travail.\" \/>\n<meta property=\"og:url\" content=\"https:\/\/www.markarian-avocat.ch\/en\/\" \/>\n<meta property=\"og:site_name\" content=\"Markarian Avocat\" \/>\n<meta property=\"article:modified_time\" content=\"2022-04-13T14:49:47+00:00\" \/>\n<meta property=\"og:image\" content=\"https:\/\/www.markarian-avocat.ch\/wp-content\/uploads\/2022\/04\/sav-fsa-1.jpeg\" \/>\n<meta name=\"twitter:card\" content=\"summary_large_image\" \/>\n<meta name=\"twitter:label1\" content=\"Estimated reading time\" \/>\n\t<meta name=\"twitter:data1\" content=\"1 minute\" \/>\n<script type=\"application\/ld+json\" class=\"yoast-schema-graph\">{\"@context\":\"https:\/\/schema.org\",\"@graph\":[{\"@type\":\"WebPage\",\"@id\":\"https:\/\/www.markarian-avocat.ch\/\",\"url\":\"https:\/\/www.markarian-avocat.ch\/\",\"name\":\"Markarian Avocat | Sp\u00e9cialiste FSA droit du travail\",\"isPartOf\":{\"@id\":\"https:\/\/www.markarian-avocat.ch\/#website\"},\"primaryImageOfPage\":{\"@id\":\"https:\/\/www.markarian-avocat.ch\/#primaryimage\"},\"image\":{\"@id\":\"https:\/\/www.markarian-avocat.ch\/#primaryimage\"},\"thumbnailUrl\":\"https:\/\/www.markarian-avocat.ch\/wp-content\/uploads\/2022\/04\/sav-fsa-1.jpeg\",\"datePublished\":\"2020-08-26T06:46:41+00:00\",\"dateModified\":\"2022-04-13T14:49:47+00:00\",\"description\":\"Situ\u00e9e au c\u0153ur de Gen\u00e8ve, notre Etude est essentiellement d\u00e9di\u00e9e \u00e0 la pratique du droit du travail.\",\"breadcrumb\":{\"@id\":\"https:\/\/www.markarian-avocat.ch\/#breadcrumb\"},\"inLanguage\":\"en-GB\",\"potentialAction\":[{\"@type\":\"ReadAction\",\"target\":[\"https:\/\/www.markarian-avocat.ch\/\"]}]},{\"@type\":\"ImageObject\",\"inLanguage\":\"en-GB\",\"@id\":\"https:\/\/www.markarian-avocat.ch\/#primaryimage\",\"url\":\"https:\/\/www.markarian-avocat.ch\/wp-content\/uploads\/2022\/04\/sav-fsa-1.jpeg\",\"contentUrl\":\"https:\/\/www.markarian-avocat.ch\/wp-content\/uploads\/2022\/04\/sav-fsa-1.jpeg\"},{\"@type\":\"BreadcrumbList\",\"@id\":\"https:\/\/www.markarian-avocat.ch\/#breadcrumb\",\"itemListElement\":[{\"@type\":\"ListItem\",\"position\":1,\"name\":\"Accueil\",\"item\":\"https:\/\/www.markarian-avocat.ch\/\"},{\"@type\":\"ListItem\",\"position\":2,\"name\":\"Main Home\"}]},{\"@type\":\"WebSite\",\"@id\":\"https:\/\/www.markarian-avocat.ch\/#website\",\"url\":\"https:\/\/www.markarian-avocat.ch\/\",\"name\":\"Markarian Avocat\",\"description\":\"\",\"publisher\":{\"@id\":\"https:\/\/www.markarian-avocat.ch\/#organization\"},\"potentialAction\":[{\"@type\":\"SearchAction\",\"target\":{\"@type\":\"EntryPoint\",\"urlTemplate\":\"https:\/\/www.markarian-avocat.ch\/?s={search_term_string}\"},\"query-input\":\"required name=search_term_string\"}],\"inLanguage\":\"en-GB\"},{\"@type\":\"Organization\",\"@id\":\"https:\/\/www.markarian-avocat.ch\/#organization\",\"name\":\"Markarian Avocat\",\"url\":\"https:\/\/www.markarian-avocat.ch\/\",\"logo\":{\"@type\":\"ImageObject\",\"inLanguage\":\"en-GB\",\"@id\":\"https:\/\/www.markarian-avocat.ch\/#\/schema\/logo\/image\/\",\"url\":\"https:\/\/www.markarian-avocat.ch\/wp-content\/uploads\/2022\/04\/ma-logo.jpg\",\"contentUrl\":\"https:\/\/www.markarian-avocat.ch\/wp-content\/uploads\/2022\/04\/ma-logo.jpg\",\"width\":257,\"height\":222,\"caption\":\"Markarian Avocat\"},\"image\":{\"@id\":\"https:\/\/www.markarian-avocat.ch\/#\/schema\/logo\/image\/\"}}]}<\/script>\n<!-- \/ Yoast SEO plugin. -->","yoast_head_json":{"title":"Markarian Avocat | Sp\u00e9cialiste FSA droit du travail","description":"Situ\u00e9e au c\u0153ur de Gen\u00e8ve, notre Etude est essentiellement d\u00e9di\u00e9e \u00e0 la pratique du droit du travail.","robots":{"index":"index","follow":"follow","max-snippet":"max-snippet:-1","max-image-preview":"max-image-preview:large","max-video-preview":"max-video-preview:-1"},"canonical":"https:\/\/www.markarian-avocat.ch\/en\/","og_locale":"en_GB","og_type":"article","og_title":"Markarian Avocat | Sp\u00e9cialiste FSA droit du travail","og_description":"Situ\u00e9e au c\u0153ur de Gen\u00e8ve, notre Etude est essentiellement d\u00e9di\u00e9e \u00e0 la pratique du droit du travail.","og_url":"https:\/\/www.markarian-avocat.ch\/en\/","og_site_name":"Markarian Avocat","article_modified_time":"2022-04-13T14:49:47+00:00","og_image":[{"url":"https:\/\/www.markarian-avocat.ch\/wp-content\/uploads\/2022\/04\/sav-fsa-1.jpeg"}],"twitter_card":"summary_large_image","twitter_misc":{"Estimated reading time":"1 minute"},"schema":{"@context":"https:\/\/schema.org","@graph":[{"@type":"WebPage","@id":"https:\/\/www.markarian-avocat.ch\/","url":"https:\/\/www.markarian-avocat.ch\/","name":"Markarian Avocat | Sp\u00e9cialiste FSA droit du travail","isPartOf":{"@id":"https:\/\/www.markarian-avocat.ch\/#website"},"primaryImageOfPage":{"@id":"https:\/\/www.markarian-avocat.ch\/#primaryimage"},"image":{"@id":"https:\/\/www.markarian-avocat.ch\/#primaryimage"},"thumbnailUrl":"https:\/\/www.markarian-avocat.ch\/wp-content\/uploads\/2022\/04\/sav-fsa-1.jpeg","datePublished":"2020-08-26T06:46:41+00:00","dateModified":"2022-04-13T14:49:47+00:00","description":"Situ\u00e9e au c\u0153ur de Gen\u00e8ve, notre Etude est essentiellement d\u00e9di\u00e9e \u00e0 la pratique du droit du travail.","breadcrumb":{"@id":"https:\/\/www.markarian-avocat.ch\/#breadcrumb"},"inLanguage":"en-GB","potentialAction":[{"@type":"ReadAction","target":["https:\/\/www.markarian-avocat.ch\/"]}]},{"@type":"ImageObject","inLanguage":"en-GB","@id":"https:\/\/www.markarian-avocat.ch\/#primaryimage","url":"https:\/\/www.markarian-avocat.ch\/wp-content\/uploads\/2022\/04\/sav-fsa-1.jpeg","contentUrl":"https:\/\/www.markarian-avocat.ch\/wp-content\/uploads\/2022\/04\/sav-fsa-1.jpeg"},{"@type":"BreadcrumbList","@id":"https:\/\/www.markarian-avocat.ch\/#breadcrumb","itemListElement":[{"@type":"ListItem","position":1,"name":"Accueil","item":"https:\/\/www.markarian-avocat.ch\/"},{"@type":"ListItem","position":2,"name":"Main Home"}]},{"@type":"WebSite","@id":"https:\/\/www.markarian-avocat.ch\/#website","url":"https:\/\/www.markarian-avocat.ch\/","name":"Markarian Avocat","description":"","publisher":{"@id":"https:\/\/www.markarian-avocat.ch\/#organization"},"potentialAction":[{"@type":"SearchAction","target":{"@type":"EntryPoint","urlTemplate":"https:\/\/www.markarian-avocat.ch\/?s={search_term_string}"},"query-input":"required name=search_term_string"}],"inLanguage":"en-GB"},{"@type":"Organization","@id":"https:\/\/www.markarian-avocat.ch\/#organization","name":"Markarian Avocat","url":"https:\/\/www.markarian-avocat.ch\/","logo":{"@type":"ImageObject","inLanguage":"en-GB","@id":"https:\/\/www.markarian-avocat.ch\/#\/schema\/logo\/image\/","url":"https:\/\/www.markarian-avocat.ch\/wp-content\/uploads\/2022\/04\/ma-logo.jpg","contentUrl":"https:\/\/www.markarian-avocat.ch\/wp-content\/uploads\/2022\/04\/ma-logo.jpg","width":257,"height":222,"caption":"Markarian Avocat"},"image":{"@id":"https:\/\/www.markarian-avocat.ch\/#\/schema\/logo\/image\/"}}]}},"_links":{"self":[{"href":"https:\/\/www.markarian-avocat.ch\/en\/wp-json\/wp\/v2\/pages\/4344","targetHints":{"allow":["GET"]}}],"collection":[{"href":"https:\/\/www.markarian-avocat.ch\/en\/wp-json\/wp\/v2\/pages"}],"about":[{"href":"https:\/\/www.markarian-avocat.ch\/en\/wp-json\/wp\/v2\/types\/page"}],"author":[{"embeddable":true,"href":"https:\/\/www.markarian-avocat.ch\/en\/wp-json\/wp\/v2\/users\/1"}],"replies":[{"embeddable":true,"href":"https:\/\/www.markarian-avocat.ch\/en\/wp-json\/wp\/v2\/comments?post=4344"}],"version-history":[{"count":47,"href":"https:\/\/www.markarian-avocat.ch\/en\/wp-json\/wp\/v2\/pages\/4344\/revisions"}],"predecessor-version":[{"id":4673,"href":"https:\/\/www.markarian-avocat.ch\/en\/wp-json\/wp\/v2\/pages\/4344\/revisions\/4673"}],"wp:attachment":[{"href":"https:\/\/www.markarian-avocat.ch\/en\/wp-json\/wp\/v2\/media?parent=4344"}],"curies":[{"name":"wp","href":"https:\/\/api.w.org\/{rel}","templated":true}]}}